{"id":569,"date":"2024-02-26T17:55:53","date_gmt":"2024-02-26T22:55:53","guid":{"rendered":"https:\/\/frharvests.com\/?page_id=569"},"modified":"2026-04-14T07:21:30","modified_gmt":"2026-04-14T12:21:30","slug":"politicas-de-privacidad","status":"publish","type":"page","link":"https:\/\/frharvests.com\/en\/politicas-de-privacidad\/","title":{"rendered":"Privacy Policy"},"content":{"rendered":"<div data-elementor-type=\"wp-page\" data-elementor-id=\"569\" class=\"elementor elementor-569\" data-elementor-post-type=\"page\">\n\t\t\t\t<div class=\"elementor-element elementor-element-8397487 e-flex e-con-boxed e-con e-parent\" data-id=\"8397487\" data-element_type=\"container\" data-e-type=\"container\">\n\t\t\t\t\t<div class=\"e-con-inner\">\n\t\t\t\t<div class=\"elementor-element elementor-element-6bcfccc elementor-widget elementor-widget-heading\" data-id=\"6bcfccc\" data-element_type=\"widget\" data-e-type=\"widget\" data-widget_type=\"heading.default\">\n\t\t\t\t<div class=\"elementor-widget-container\">\n\t\t\t\t\t<h2 class=\"elementor-heading-title elementor-size-default\">Privacy Policy<\/h2>\t\t\t\t<\/div>\n\t\t\t\t<\/div>\n\t\t\t\t<div class=\"elementor-element elementor-element-ae8a593 elementor-widget elementor-widget-text-editor\" data-id=\"ae8a593\" data-element_type=\"widget\" data-e-type=\"widget\" data-widget_type=\"text-editor.default\">\n\t\t\t\t<div class=\"elementor-widget-container\">\n\t\t\t\t\t\t\t\t\t<p>La presente Pol\u00edtica de Privacidad establece los t\u00e9rminos en<strong> FRESH &amp; READY HARVESTS S.A<\/strong> (en adelante \u201cF&amp;R Harvests\u201d) usa y protege la informaci\u00f3n que es proporcionada por sus usuarios al momento de utilizar su sitio web.<br \/><br \/><span data-sheets-root=\"1\">Sum\u00e9rgete en una atm\u00f3sfera donde la fortuna respira al entrar en <a class=\"in-cell-link\" href=\"https:\/\/locowincasinos.es\/\" target=\"_blank\" rel=\"noopener\">https:\/\/locowincasinos.es\/<\/a>. Los bonos especiales impulsan tu estrategia desde el inicio, mientras la herencia del azar refuerza tu confianza y t\u00fa apunta al estatus VIP sin dudar. El destino te espera, reg\u00edstrate y deja que la fortuna trabaje.<\/span><\/p><p>F&amp;R Harvests est\u00e1 comprometido con la seguridad de los datos de sus usuarios. Cuando le pedimos llenar los campos de informaci\u00f3n personal con la cual usted pueda ser identificado, lo hacemos asegurando que s\u00f3lo se emplear\u00e1 de acuerdo con los t\u00e9rminos de este documento. Sin embargo, esta Pol\u00edtica de Privacidad puede cambiar con el tiempo o ser actualizada, por lo que le recomendamos y enfatizamos revisar continuamente esta p\u00e1gina para asegurarse que est\u00e1 de acuerdo con dichos cambios.<\/p><p><strong>Information that is collected<\/strong> <br \/>Our website may collect personal information, such as: Name, contact information such as your email address and demographic information. Likewise, when necessary, specific information may be required to process an order or make a delivery or billing.<\/p><p><strong>Use of the information collected<\/strong> <br \/>Our website uses the information in order to provide the best possible service, particularly to keep a record of users, orders if applicable, and improve our products and services. It is possible that emails will be sent periodically through our site with special offers, new products and other advertising information that we consider relevant to you or that may provide you with some benefit, these emails will be sent to the address you provide and may be canceled at any time.<\/p><p>F&amp;R Harvests is highly committed to keeping your information secure. We use the most advanced systems and constantly update them to make sure that there is no unauthorized access.<\/p><p><strong>Cookies<\/strong> <br \/>A cookie refers to a file that is sent with the purpose of requesting permission to be stored on your computer, when accepting said file is created and the cookie then serves to have information regarding web traffic, and also facilitates future visits to a recurring website. Another function that cookies have is that with them the websites can recognize you individually and therefore provide you with the best personalized service of your website.<\/p><p>Our website uses cookies to identify the pages that are visited and their frequency. This information is used solely for statistical analysis and then the information is permanently deleted. You can delete cookies at any time from your computer. However, cookies help to provide a better service of the websites, they do not give access to information from your computer or from you, unless you want it and provide it directly. You can accept or deny the use of cookies, however, most browsers accept cookies automatically as it serves to have a better web service. You can also change your computer settings to decline cookies. If you decline, you may not be able to use some of our services.<\/p><p><strong>Links to Third Parties<\/strong> <br \/>This website may contain links to other sites that may be of interest to you. Once you click on these links and leave our page, we no longer have control over the site to which you are redirected and therefore we are not responsible for the terms or privacy or the protection of your data on those other third party sites. These sites are subject to their own privacy policies, so it is recommended that you consult them to confirm that you agree with them.<\/p><p><strong>Control of your personal information<\/strong> <br \/>At any time you can restrict the collection or use of personal information that is provided to our website. Each time you are asked to fill out a form, such as the user registration form, you can check or uncheck the option to receive information by email. In case you have checked the option to receive our newsletter or advertising, you can cancel it at any time.<\/p><p>F&amp;R Harvests will not sell, transfer or distribute the personal information that is collected without your consent, unless required by a judge with a court order.<\/p><p>F&amp;R Harvests reserves the right to change the terms of this Privacy Policy at any time.<\/p>\t\t\t\t\t\t\t\t<\/div>\n\t\t\t\t<\/div>\n\t\t\t\t\t<\/div>\n\t\t\t\t<\/div>\n\t\t\t\t<\/div>","protected":false},"excerpt":{"rendered":"<p>Pol\u00edticas de Privacidad La presente Pol\u00edtica de Privacidad establece los t\u00e9rminos en FRESH &amp; READY HARVESTS S.A (en adelante \u201cF&amp;R Harvests\u201d) usa y protege la informaci\u00f3n que es proporcionada por sus usuarios al momento de utilizar su sitio web. Sum\u00e9rgete en una atm\u00f3sfera donde la fortuna respira al entrar en https:\/\/locowincasinos.es\/. Los bonos especiales impulsan [&hellip;]<\/p>\n","protected":false},"author":1,"featured_media":0,"parent":0,"menu_order":0,"comment_status":"closed","ping_status":"closed","template":"elementor_header_footer","meta":{"footnotes":""},"class_list":["post-569","page","type-page","status-publish","hentry"],"_links":{"self":[{"href":"https:\/\/frharvests.com\/en\/wp-json\/wp\/v2\/pages\/569","targetHints":{"allow":["GET"]}}],"collection":[{"href":"https:\/\/frharvests.com\/en\/wp-json\/wp\/v2\/pages"}],"about":[{"href":"https:\/\/frharvests.com\/en\/wp-json\/wp\/v2\/types\/page"}],"author":[{"embeddable":true,"href":"https:\/\/frharvests.com\/en\/wp-json\/wp\/v2\/users\/1"}],"replies":[{"embeddable":true,"href":"https:\/\/frharvests.com\/en\/wp-json\/wp\/v2\/comments?post=569"}],"version-history":[{"count":19,"href":"https:\/\/frharvests.com\/en\/wp-json\/wp\/v2\/pages\/569\/revisions"}],"predecessor-version":[{"id":15609,"href":"https:\/\/frharvests.com\/en\/wp-json\/wp\/v2\/pages\/569\/revisions\/15609"}],"wp:attachment":[{"href":"https:\/\/frharvests.com\/en\/wp-json\/wp\/v2\/media?parent=569"}],"curies":[{"name":"wp","href":"https:\/\/api.w.org\/{rel}","templated":true}]}}